{"id":7,"date":"2009-08-06T17:16:36","date_gmt":"2009-08-06T15:16:36","guid":{"rendered":"http:\/\/angelikahensgen.hensgen.de\/?page_id=7"},"modified":"2019-12-12T18:12:35","modified_gmt":"2019-12-12T16:12:35","slug":"kinderkrimis","status":"publish","type":"page","link":"https:\/\/angelikahensgen.hensgen.de\/?page_id=7","title":{"rendered":"Giraffen unterm Bett"},"content":{"rendered":"<p><a href=\"https:\/\/angelikahensgen.hensgen.de\/wp-content\/uploads\/2019\/12\/20191212_164549-2.jpg\"><img loading=\"lazy\" decoding=\"async\" class=\"alignleft size-medium wp-image-318\" src=\"https:\/\/angelikahensgen.hensgen.de\/wp-content\/uploads\/2019\/12\/20191212_164549-2-189x300.jpg\" alt=\"\" width=\"189\" height=\"300\" srcset=\"https:\/\/angelikahensgen.hensgen.de\/wp-content\/uploads\/2019\/12\/20191212_164549-2-189x300.jpg 189w, https:\/\/angelikahensgen.hensgen.de\/wp-content\/uploads\/2019\/12\/20191212_164549-2-768x1220.jpg 768w, https:\/\/angelikahensgen.hensgen.de\/wp-content\/uploads\/2019\/12\/20191212_164549-2-645x1024.jpg 645w\" sizes=\"auto, (max-width: 189px) 100vw, 189px\" \/><\/a>Si-Sa-So. Hinter dem K\u00fcrzel stecken die Freundinnen Sine, Sara und Sonja. Eigentlich haben sie nicht vor, Detektivarbeit zu leisten, und das Thema \u201cJungen im Klub\u201d ist h\u00e4ufiger\u00a0 Reibepunkt.Als sie\u00a0 aber in einen\u00a0 Bilderdiebstahl hineingezogen werden und ihr Schulkamerad Max von schwarzen Lederm\u00e4nnern bedroht wird, sind sie sich einig. Der Fall muss aufgekl\u00e4rt und Max muss geholfen werden! Da kommt die Unterst\u00fctzung von\u00a0 Marvin und Sines gro\u00dfem Bruder Alex gerade recht. Ein r\u00e4tselhafter und gef\u00e4hrlicher Fall, den die sechs Kinder nur zusammen bew\u00e4ltigen k\u00f6nnen.<\/p>\n<p style=\"padding-left: 30px;\"><em><span style=\"text-decoration: underline;\">Kommentar der Autorin:<\/span> Selbstverst\u00e4ndlich rankt sich das Geschehen um einen Kriminalfall, hier der Bilderdiebstahl, wichtig sind mir aber, neben der spannenden Geschichte, die Beziehungen der Figuren untereinander, ihr famili\u00e4rer Background, ihr Umgang mit Konflikten. In dem vorliegenden Buch wird z. B. auf die unterschiedlichen Familiensituationen der Kinder eingegangen und\u00a0 Schwierigkeiten im Umgang mit diesen Sitationen thematiesiert.Der Freundschaft wird unter diesem Aspekt eine wichtige Funktion zugesprochen.Probleme und \u00c4ngste sind besser zu bew\u00e4ltigen, wenn man nicht alleine ist.<\/em><\/p>\n<p>\u00a0<\/p>\n<p>Jou, das war mein erster ver\u00f6ffentlicher Roman- obwohl ich ganz andere Sachen geschrieben habe. Aber Ihr wisst ja, wie das ist, mit Lyrik und lyrischer Prosa&#8230; deshalb erst mal etwas, was ich auch immer mochte (Kinder und Krimis) und dazu noch gleich einen Verlag fand&#8230; das Besondere an gelungenen B\u00fcchern ist: Sie lesen sich auch noch nach 20 Jahren gut, darum demn\u00e4chst als Neuauflage :), was z.Zt. leider nur in Bibliotheken und Second Hand zu erhalten ist &#8230; Als Appetizer Pressestimmen von damals \ud83d\ude09<\/p>\n\n\n<ul class=\"wp-block-gallery columns-1 is-cropped wp-block-gallery-1 is-layout-flex wp-block-gallery-is-layout-flex\"><li class=\"blocks-gallery-item\"><figure><img loading=\"lazy\" decoding=\"async\" width=\"1002\" height=\"1024\" src=\"https:\/\/angelikahensgen.hensgen.de\/wp-content\/uploads\/2019\/12\/20191212_100210-1002x1024.jpg\" alt=\"\" data-id=\"319\" data-link=\"https:\/\/angelikahensgen.hensgen.de\/?attachment_id=319\" class=\"wp-image-319\" srcset=\"https:\/\/angelikahensgen.hensgen.de\/wp-content\/uploads\/2019\/12\/20191212_100210-1002x1024.jpg 1002w, https:\/\/angelikahensgen.hensgen.de\/wp-content\/uploads\/2019\/12\/20191212_100210-293x300.jpg 293w, https:\/\/angelikahensgen.hensgen.de\/wp-content\/uploads\/2019\/12\/20191212_100210-768x785.jpg 768w\" sizes=\"auto, (max-width: 1002px) 100vw, 1002px\" \/><\/figure><\/li><\/ul>\n\n\n\n<ul class=\"wp-block-gallery columns-1 is-cropped wp-block-gallery-2 is-layout-flex wp-block-gallery-is-layout-flex\"><li class=\"blocks-gallery-item\"><figure><img loading=\"lazy\" decoding=\"async\" width=\"576\" height=\"1024\" src=\"https:\/\/angelikahensgen.hensgen.de\/wp-content\/uploads\/2019\/12\/20191212_095935-576x1024.jpg\" alt=\"\" data-id=\"323\" data-link=\"https:\/\/angelikahensgen.hensgen.de\/?attachment_id=323\" class=\"wp-image-323\" srcset=\"https:\/\/angelikahensgen.hensgen.de\/wp-content\/uploads\/2019\/12\/20191212_095935-576x1024.jpg 576w, https:\/\/angelikahensgen.hensgen.de\/wp-content\/uploads\/2019\/12\/20191212_095935-169x300.jpg 169w, https:\/\/angelikahensgen.hensgen.de\/wp-content\/uploads\/2019\/12\/20191212_095935-768x1365.jpg 768w\" sizes=\"auto, (max-width: 576px) 100vw, 576px\" \/><\/figure><\/li><\/ul>\n","protected":false},"excerpt":{"rendered":"<p>Si-Sa-So. Hinter dem K\u00fcrzel stecken die Freundinnen Sine, Sara und Sonja. Eigentlich haben sie nicht vor, Detektivarbeit zu leisten, und das Thema \u201cJungen im Klub\u201d ist h\u00e4ufiger\u00a0 Reibepunkt.Als sie\u00a0 aber in einen\u00a0 Bilderdiebstahl hineingezogen werden und ihr Schulkamerad Max von schwarzen Lederm\u00e4nnern bedroht wird, sind sie sich einig. Der Fall muss aufgekl\u00e4rt und Max muss [&hellip;]<\/p>\n","protected":false},"author":1,"featured_media":0,"parent":43,"menu_order":0,"comment_status":"open","ping_status":"open","template":"","meta":{"footnotes":""},"class_list":["post-7","page","type-page","status-publish","hentry"],"_links":{"self":[{"href":"https:\/\/angelikahensgen.hensgen.de\/index.php?rest_route=\/wp\/v2\/pages\/7","targetHints":{"allow":["GET"]}}],"collection":[{"href":"https:\/\/angelikahensgen.hensgen.de\/index.php?rest_route=\/wp\/v2\/pages"}],"about":[{"href":"https:\/\/angelikahensgen.hensgen.de\/index.php?rest_route=\/wp\/v2\/types\/page"}],"author":[{"embeddable":true,"href":"https:\/\/angelikahensgen.hensgen.de\/index.php?rest_route=\/wp\/v2\/users\/1"}],"replies":[{"embeddable":true,"href":"https:\/\/angelikahensgen.hensgen.de\/index.php?rest_route=%2Fwp%2Fv2%2Fcomments&post=7"}],"version-history":[{"count":12,"href":"https:\/\/angelikahensgen.hensgen.de\/index.php?rest_route=\/wp\/v2\/pages\/7\/revisions"}],"predecessor-version":[{"id":327,"href":"https:\/\/angelikahensgen.hensgen.de\/index.php?rest_route=\/wp\/v2\/pages\/7\/revisions\/327"}],"up":[{"embeddable":true,"href":"https:\/\/angelikahensgen.hensgen.de\/index.php?rest_route=\/wp\/v2\/pages\/43"}],"wp:attachment":[{"href":"https:\/\/angelikahensgen.hensgen.de\/index.php?rest_route=%2Fwp%2Fv2%2Fmedia&parent=7"}],"curies":[{"name":"wp","href":"https:\/\/api.w.org\/{rel}","templated":true}]}}