{"id":51,"date":"2009-08-10T21:57:15","date_gmt":"2009-08-10T19:57:15","guid":{"rendered":"http:\/\/angelikahensgen.hensgen.de\/?page_id=51"},"modified":"2019-12-13T11:29:00","modified_gmt":"2019-12-13T09:29:00","slug":"schattenraume","status":"publish","type":"page","link":"https:\/\/angelikahensgen.hensgen.de\/?page_id=51","title":{"rendered":"Schattenr\u00e4ume (Krimi)"},"content":{"rendered":"<p><img loading=\"lazy\" decoding=\"async\" class=\"cc-image alignleft\" src=\"https:\/\/i.ebayimg.com\/images\/g\/kAkAAOSwLIVd6E1q\/s-l225.jpg\" alt=\"Schattenr\u00e4ume. Niederreihn Krimi von Angelika Hensgen | Buch | Zustand sehr gut\" width=\"265\" height=\"403\" \/>Der Erste Kriminalhauptkommissar des KK11 Krefeld gr\u00fcbelt \u00fcber die Selbstt\u00f6tung des jungen Untersuchungsh\u00e4ftlings Feuerbach nach, als es zu einem Leichenfund im Stadtwald kommt. Die Verbindung zwischen dem Selbstm\u00f6rder und dem toten Jogger gibt Rolf Mittler und seiner jungen Kollegin Sine Matth\u00e4us R\u00e4tsel auf. Dass auch noch Mittlers Tochter Sofie am Tatort aufgegriffen wurde und sie eine enge Beziehung zur Tochter des Toten pflegt, macht die Sache nicht gerade einfacher Schattenr\u00e4ume &#8211; ein Kriminalroman um Katastrophen und menschliche Abgr\u00fcnde, um Geld, Macht und Liebe und das Zerst\u00f6ren von Lebenswelten, klug und hintergr\u00fcndig erz\u00e4hlt.<\/p>\n","protected":false},"excerpt":{"rendered":"<p>Der Erste Kriminalhauptkommissar des KK11 Krefeld gr\u00fcbelt \u00fcber die Selbstt\u00f6tung des jungen Untersuchungsh\u00e4ftlings Feuerbach nach, als es zu einem Leichenfund im Stadtwald kommt. Die Verbindung zwischen dem Selbstm\u00f6rder und dem toten Jogger gibt Rolf Mittler und seiner jungen Kollegin Sine Matth\u00e4us R\u00e4tsel auf. Dass auch noch Mittlers Tochter Sofie am Tatort aufgegriffen wurde und sie [&hellip;]<\/p>\n","protected":false},"author":1,"featured_media":0,"parent":2,"menu_order":0,"comment_status":"open","ping_status":"open","template":"","meta":{"footnotes":""},"class_list":["post-51","page","type-page","status-publish","hentry"],"_links":{"self":[{"href":"https:\/\/angelikahensgen.hensgen.de\/index.php?rest_route=\/wp\/v2\/pages\/51","targetHints":{"allow":["GET"]}}],"collection":[{"href":"https:\/\/angelikahensgen.hensgen.de\/index.php?rest_route=\/wp\/v2\/pages"}],"about":[{"href":"https:\/\/angelikahensgen.hensgen.de\/index.php?rest_route=\/wp\/v2\/types\/page"}],"author":[{"embeddable":true,"href":"https:\/\/angelikahensgen.hensgen.de\/index.php?rest_route=\/wp\/v2\/users\/1"}],"replies":[{"embeddable":true,"href":"https:\/\/angelikahensgen.hensgen.de\/index.php?rest_route=%2Fwp%2Fv2%2Fcomments&post=51"}],"version-history":[{"count":9,"href":"https:\/\/angelikahensgen.hensgen.de\/index.php?rest_route=\/wp\/v2\/pages\/51\/revisions"}],"predecessor-version":[{"id":331,"href":"https:\/\/angelikahensgen.hensgen.de\/index.php?rest_route=\/wp\/v2\/pages\/51\/revisions\/331"}],"up":[{"embeddable":true,"href":"https:\/\/angelikahensgen.hensgen.de\/index.php?rest_route=\/wp\/v2\/pages\/2"}],"wp:attachment":[{"href":"https:\/\/angelikahensgen.hensgen.de\/index.php?rest_route=%2Fwp%2Fv2%2Fmedia&parent=51"}],"curies":[{"name":"wp","href":"https:\/\/api.w.org\/{rel}","templated":true}]}}