{"id":5,"date":"2019-11-27T11:44:56","date_gmt":"2019-11-27T09:44:56","guid":{"rendered":"http:\/\/angelikahensgen.hensgen.de\/?page_id=5"},"modified":"2021-10-29T14:13:07","modified_gmt":"2021-10-29T12:13:07","slug":"jugendbucher","status":"publish","type":"page","link":"https:\/\/angelikahensgen.hensgen.de\/?page_id=5","title":{"rendered":"Underground"},"content":{"rendered":"\n<h3 class=\"wp-block-heading\">Krimi f\u00fcr Jugendliche und Erwachsene<\/h3>\n\n\n<p><a href=\"https:\/\/angelikahensgen.hensgen.de\/wp-content\/uploads\/2019\/10\/Underground-Cover-1.jpg\"><img loading=\"lazy\" decoding=\"async\" class=\"alignleft size-medium wp-image-220\" src=\"https:\/\/angelikahensgen.hensgen.de\/wp-content\/uploads\/2019\/10\/Underground-Cover-1-198x300.jpg\" alt=\"\" width=\"198\" height=\"300\" srcset=\"https:\/\/angelikahensgen.hensgen.de\/wp-content\/uploads\/2019\/10\/Underground-Cover-1-198x300.jpg 198w, https:\/\/angelikahensgen.hensgen.de\/wp-content\/uploads\/2019\/10\/Underground-Cover-1.jpg 294w\" sizes=\"auto, (max-width: 198px) 100vw, 198px\" \/><\/a>Snuffy hat eine Menge Tricks auf Lager. Dieses Mal mimt er den Hilfsbed\u00fcrftigen. Damit trifft er bei Indra genau den richtigen Nerv, und ihr alter Freund Jan hat das Nachsehen.\u00a0 Ein Kanalrohr als\u00a0 Location einer\u00a0 Technoparty lockt Indra, die vor allem eins m\u00f6chte: raus aus dem alten Trott! Dass Snuffy nicht nur eine Begleitung braucht, kapiert Indra\u00a0 schnell. Dass er bis zum Hals in\u00a0 Schwierigkeiten steckt, findet sie auch<\/p>\n<p><em><span style=\"text-decoration: underline;\">Kommentar der Autorin<\/span><\/em><em>: Zielgruppe dieses Kriminalromans sind Jugendlich von dreizehn\/vierzehn aufw\u00e4rts. Das hei\u00dft junge Menschen in einem Alter, in dem gro\u00dfe Zweifel\u00a0 an der von den\u00a0 Erwachsenen\u00a0 pr\u00e4sentierten Welt aufkommen. I<\/em><em>ndra K\u00fcsters ist f\u00fcnfzehn und hat Liebeskummer. Ihr Vater ist ein \u2018stiller\u2019 Alkoholiker. Zwei Jahre ist es her, dass ihre beste Freundin ins Ausland gezogen ist. Die Handlung des Romans setzt ein,\u00a0 als sich Indras emotionale Reserven langsam aufbrauchen und sie durch den zus\u00e4tzlichen Stress des Liebeskummers in eine Krise ger\u00e4t. Sie hat keine Lust mehr den Kummerkasten f\u00fcr Mutter und Bruder zu spielen, sie m\u00f6chte einen\u00a0 Strich unter ihr altes Leben ziehen und ist deshalb offen f\u00fcr den fremden Jungen Snuffy, der sie zu einem Rave in einer Kanalr\u00f6hre einl\u00e4dt.<\/em><\/p>\n<p>Als Snuffy pl\u00f6tzlich stehen blieb, prallte sie auf ihn. Er hatte die H\u00e4nde auf die obere Stange eines kleinen Stahlgel\u00e4nders gelegt und schaute in das dahinter liegende\u00a0\u00a0 Loch. Indra\u00a0 schluckte. Die Baugrube war, wenn man an den Eisentr\u00e4gern auf halber H\u00f6he vorbei sah, bestimmt 15-20 Meter tief. Die W\u00e4nde waren mit breit geriffeltem Stahl ausgekleidet, der\u00a0\u00a0 Boden schien glatter Beton zu sein. Zwei\u00a0 W\u00e4nde hatten riesige, runde L\u00f6cher und in einem davon blinkte Licht, au\u00dferdem schien es auch die Quelle der unterirdischen Musik zu sein. Zu ihrem Schrecken\u00a0 sah Indra die beiden Jugendlichen, die sich an ihr vorbei\u00a0 gedr\u00e4ngelt hatten, an einem Bauger\u00fcst abw\u00e4rts klettern.<\/p>\n<p>\u201eDa hinunter?\u201c fragte sie schwach.<\/p>\n<p>Snuffy nickte. \u201eWo sonst?\u201c<\/p>\n<p><a href=\"https:\/\/angelikahensgen.hensgen.de\/wp-content\/uploads\/2019\/11\/20190821_123516.jpg\"><img loading=\"lazy\" decoding=\"async\" class=\"alignleft  wp-image-260\" src=\"https:\/\/angelikahensgen.hensgen.de\/wp-content\/uploads\/2019\/11\/20190821_123516-285x300.jpg\" alt=\"\" width=\"301\" height=\"317\" srcset=\"https:\/\/angelikahensgen.hensgen.de\/wp-content\/uploads\/2019\/11\/20190821_123516-285x300.jpg 285w, https:\/\/angelikahensgen.hensgen.de\/wp-content\/uploads\/2019\/11\/20190821_123516-768x808.jpg 768w, https:\/\/angelikahensgen.hensgen.de\/wp-content\/uploads\/2019\/11\/20190821_123516-974x1024.jpg 974w\" sizes=\"auto, (max-width: 301px) 100vw, 301px\" \/><\/a><a href=\"https:\/\/angelikahensgen.hensgen.de\/wp-content\/uploads\/2019\/11\/20190821_121713.jpg\"><img loading=\"lazy\" decoding=\"async\" class=\"alignleft  wp-image-261\" src=\"https:\/\/angelikahensgen.hensgen.de\/wp-content\/uploads\/2019\/11\/20190821_121713-97x300.jpg\" alt=\"\" width=\"92\" height=\"284\" \/><\/a><a href=\"https:\/\/angelikahensgen.hensgen.de\/wp-content\/uploads\/2019\/11\/20190821_122650.jpg\"><img loading=\"lazy\" decoding=\"async\" class=\"alignleft size-medium wp-image-262\" src=\"https:\/\/angelikahensgen.hensgen.de\/wp-content\/uploads\/2019\/11\/20190821_122650-300x243.jpg\" alt=\"\" width=\"300\" height=\"243\" srcset=\"https:\/\/angelikahensgen.hensgen.de\/wp-content\/uploads\/2019\/11\/20190821_122650-300x243.jpg 300w, https:\/\/angelikahensgen.hensgen.de\/wp-content\/uploads\/2019\/11\/20190821_122650-768x623.jpg 768w, https:\/\/angelikahensgen.hensgen.de\/wp-content\/uploads\/2019\/11\/20190821_122650-1024x830.jpg 1024w\" sizes=\"auto, (max-width: 300px) 100vw, 300px\" \/><\/a><\/p>\n<p><em>Leider kann man die Pressetexte im Blog nicht heranzoomen, aber die \u00dcberschriften und Fotos sprechen ja f\u00fcr sich;)<\/em><\/p>\n<p>\u00a0<\/p>\n<p><a href=\"https:\/\/angelikahensgen.hensgen.de\/wp-content\/uploads\/2019\/11\/20190821_123051.jpg\"><img loading=\"lazy\" decoding=\"async\" class=\"wp-image-263 aligncenter\" src=\"https:\/\/angelikahensgen.hensgen.de\/wp-content\/uploads\/2019\/11\/20190821_123051-208x300.jpg\" alt=\"\" width=\"180\" height=\"260\" srcset=\"https:\/\/angelikahensgen.hensgen.de\/wp-content\/uploads\/2019\/11\/20190821_123051-208x300.jpg 208w, https:\/\/angelikahensgen.hensgen.de\/wp-content\/uploads\/2019\/11\/20190821_123051-768x1105.jpg 768w, https:\/\/angelikahensgen.hensgen.de\/wp-content\/uploads\/2019\/11\/20190821_123051-711x1024.jpg 711w\" sizes=\"auto, (max-width: 180px) 100vw, 180px\" \/><\/a><\/p>\n<p><em>Die Erstausgabe (oben) k\u00f6nnen Sie\/ k\u00f6nnt Ihr nur noch in Bibliotheken ausleihen oder Second Hand erwerben, darum gibt es den Krimi in neuem Outfit:) <\/em><\/p>\n<p style=\"text-align: left;\" data-wp-editing=\"1\"><img loading=\"lazy\" decoding=\"async\" src=\"https:\/\/angelikahensgen.hensgen.de\/wp-content\/uploads\/2019\/10\/cover-1.jpg\" alt=\"Dieses Bild hat ein leeres Alt-Attribut. Der Dateiname ist cover-1.jpg\" width=\"217\" height=\"321\" \/> \u00a0 <img loading=\"lazy\" decoding=\"async\" class=\"alignright\" src=\"https:\/\/angelikahensgen.hensgen.de\/wp-content\/uploads\/2021\/10\/6.11.-Emsdetten-1-1.jpg\" alt=\"Dieses Bild hat ein leeres Alt-Attribut. Der Dateiname ist 6.11.-Emsdetten-1-1.jpg\" width=\"320\" height=\"320\" \/><\/p>\n<p style=\"text-align: left;\" data-wp-editing=\"1\">Freue mich auf die Lesung im Rahmen der NRW Literaturtage am 6.11.21 in Emsdetten. Die Pandemie verlangte und verlangt so vielen Menschen so vieles ab, da ist eine Neuauflage 2019 vielleicht noch eins der geringsten \u00dcbel &#8211; aber Pr\u00e4senzveranstaltungen sind einfach durch nichts zu ersetzen und darum gebe ich meiner Freude auf Kolleginnen, Kollegen und vor allem unserem Publikum hier besonderen Ausdruck \ud83d\ude42<!--more--><\/p>\n\n\n<p><\/p>\n","protected":false},"excerpt":{"rendered":"<p>Krimi f\u00fcr Jugendliche und Erwachsene Snuffy hat eine Menge Tricks auf Lager. Dieses Mal mimt er den Hilfsbed\u00fcrftigen. Damit trifft er bei Indra genau den richtigen Nerv, und ihr alter Freund Jan hat das Nachsehen.\u00a0 Ein Kanalrohr als\u00a0 Location einer\u00a0 Technoparty lockt Indra, die vor allem eins m\u00f6chte: raus aus dem alten Trott! Dass Snuffy [&hellip;]<\/p>\n","protected":false},"author":1,"featured_media":0,"parent":67,"menu_order":0,"comment_status":"open","ping_status":"open","template":"","meta":{"footnotes":""},"class_list":["post-5","page","type-page","status-publish","hentry"],"_links":{"self":[{"href":"https:\/\/angelikahensgen.hensgen.de\/index.php?rest_route=\/wp\/v2\/pages\/5","targetHints":{"allow":["GET"]}}],"collection":[{"href":"https:\/\/angelikahensgen.hensgen.de\/index.php?rest_route=\/wp\/v2\/pages"}],"about":[{"href":"https:\/\/angelikahensgen.hensgen.de\/index.php?rest_route=\/wp\/v2\/types\/page"}],"author":[{"embeddable":true,"href":"https:\/\/angelikahensgen.hensgen.de\/index.php?rest_route=\/wp\/v2\/users\/1"}],"replies":[{"embeddable":true,"href":"https:\/\/angelikahensgen.hensgen.de\/index.php?rest_route=%2Fwp%2Fv2%2Fcomments&post=5"}],"version-history":[{"count":24,"href":"https:\/\/angelikahensgen.hensgen.de\/index.php?rest_route=\/wp\/v2\/pages\/5\/revisions"}],"predecessor-version":[{"id":521,"href":"https:\/\/angelikahensgen.hensgen.de\/index.php?rest_route=\/wp\/v2\/pages\/5\/revisions\/521"}],"up":[{"embeddable":true,"href":"https:\/\/angelikahensgen.hensgen.de\/index.php?rest_route=\/wp\/v2\/pages\/67"}],"wp:attachment":[{"href":"https:\/\/angelikahensgen.hensgen.de\/index.php?rest_route=%2Fwp%2Fv2%2Fmedia&parent=5"}],"curies":[{"name":"wp","href":"https:\/\/api.w.org\/{rel}","templated":true}]}}