{"id":48,"date":"2009-08-10T21:56:09","date_gmt":"2009-08-10T19:56:09","guid":{"rendered":"http:\/\/angelikahensgen.hensgen.de\/?page_id=48"},"modified":"2019-11-30T10:25:25","modified_gmt":"2019-11-30T08:25:25","slug":"racheengel","status":"publish","type":"page","link":"https:\/\/angelikahensgen.hensgen.de\/?page_id=48","title":{"rendered":"Racheengel (Krimi)"},"content":{"rendered":"<p><a href=\"https:\/\/angelikahensgen.hensgen.de\/wp-content\/uploads\/2019\/10\/Racheengel-1-Cover.jpg\"><img loading=\"lazy\" decoding=\"async\" class=\"alignleft size-medium wp-image-227\" src=\"https:\/\/angelikahensgen.hensgen.de\/wp-content\/uploads\/2019\/10\/Racheengel-1-Cover-197x300.jpg\" alt=\"\" width=\"197\" height=\"300\" srcset=\"https:\/\/angelikahensgen.hensgen.de\/wp-content\/uploads\/2019\/10\/Racheengel-1-Cover-197x300.jpg 197w, https:\/\/angelikahensgen.hensgen.de\/wp-content\/uploads\/2019\/10\/Racheengel-1-Cover.jpg 300w\" sizes=\"auto, (max-width: 197px) 100vw, 197px\" \/><\/a> Querelen um die Abschiebung der siebzigj\u00e4hrigen K\u00e4the Straaten ins Pflegeheim scheinen zun\u00e4chst das einzige Problem ihrer Sippschaft zu sein, bis kurz nach der Beerdigung der alten Frau&nbsp; ihr Sohn Theo tot im Elfrather See bei Krefeld aufgefunden wird. Die Leiche macht Kriminalhaupt- kommissar Rolf Mittler und Kommissarin Sine Matth\u00e4us von der Kripo Krefeld mehr Scherereien als diese&nbsp; erwartet haben. Wer bringt einen harmlosen Angler um? Reicht\u00fcmer hat der in seinem verschlissenen Parka sicher nicht herumgetragen. Da kommt nur eine Beziehungstat in Frage. Doch ehe der&nbsp; Kriminalhauptkommissar der Familie des Opfers so richtig auf den Leib ger\u00fcckt ist, macht diese ihm einen Strich durch die Rechnung. Der Tote ist nicht der, f\u00fcr den man ihn gehalten hat.<\/p>\n","protected":false},"excerpt":{"rendered":"<p>Querelen um die Abschiebung der siebzigj\u00e4hrigen K\u00e4the Straaten ins Pflegeheim scheinen zun\u00e4chst das einzige Problem ihrer Sippschaft zu sein, bis kurz nach der Beerdigung der alten Frau&nbsp; ihr Sohn Theo tot im Elfrather See bei Krefeld aufgefunden wird. Die Leiche macht Kriminalhaupt- kommissar Rolf Mittler und Kommissarin Sine Matth\u00e4us von der Kripo Krefeld mehr Scherereien [&hellip;]<\/p>\n","protected":false},"author":1,"featured_media":0,"parent":2,"menu_order":0,"comment_status":"open","ping_status":"open","template":"","meta":{"footnotes":""},"class_list":["post-48","page","type-page","status-publish","hentry"],"_links":{"self":[{"href":"https:\/\/angelikahensgen.hensgen.de\/index.php?rest_route=\/wp\/v2\/pages\/48","targetHints":{"allow":["GET"]}}],"collection":[{"href":"https:\/\/angelikahensgen.hensgen.de\/index.php?rest_route=\/wp\/v2\/pages"}],"about":[{"href":"https:\/\/angelikahensgen.hensgen.de\/index.php?rest_route=\/wp\/v2\/types\/page"}],"author":[{"embeddable":true,"href":"https:\/\/angelikahensgen.hensgen.de\/index.php?rest_route=\/wp\/v2\/users\/1"}],"replies":[{"embeddable":true,"href":"https:\/\/angelikahensgen.hensgen.de\/index.php?rest_route=%2Fwp%2Fv2%2Fcomments&post=48"}],"version-history":[{"count":7,"href":"https:\/\/angelikahensgen.hensgen.de\/index.php?rest_route=\/wp\/v2\/pages\/48\/revisions"}],"predecessor-version":[{"id":297,"href":"https:\/\/angelikahensgen.hensgen.de\/index.php?rest_route=\/wp\/v2\/pages\/48\/revisions\/297"}],"up":[{"embeddable":true,"href":"https:\/\/angelikahensgen.hensgen.de\/index.php?rest_route=\/wp\/v2\/pages\/2"}],"wp:attachment":[{"href":"https:\/\/angelikahensgen.hensgen.de\/index.php?rest_route=%2Fwp%2Fv2%2Fmedia&parent=48"}],"curies":[{"name":"wp","href":"https:\/\/api.w.org\/{rel}","templated":true}]}}