{"id":301,"date":"2019-11-30T12:05:00","date_gmt":"2019-11-30T10:05:00","guid":{"rendered":"http:\/\/angelikahensgen.hensgen.de\/?page_id=301"},"modified":"2019-12-15T14:42:47","modified_gmt":"2019-12-15T12:42:47","slug":"lyrik","status":"publish","type":"page","link":"https:\/\/angelikahensgen.hensgen.de\/?page_id=301","title":{"rendered":"Lyrik"},"content":{"rendered":"\n<h2 class=\"wp-block-heading\">BRO<\/h2>\n\n\n\n<p>&#8230;die Wikingerschiffe von unten gesehen und<\/p>\n\n\n\n<p>die Axt schwebend \u00fcber dem gefallenen Krieger <\/p>\n\n\n\n<p>l\u00e4sst unerwartet eine Tr\u00e4ne ins Auge springen<\/p>\n\n\n\n<p>f\u00fcr den Mann, der sich mit Rauschmitteln ein<\/p>\n\n\n\n<p>fr\u00fches Ende bereitete, mindestens so unsinnig,<\/p>\n\n\n\n<p>wie der Mensch, der in die Schlacht zog.<\/p>\n\n\n\n<p>Aber vor allem f\u00fcr Dich Bro, der jeden Tag \u201eJa\u201c\nzum<\/p>\n\n\n\n<p>Leben sagte, trotz schwindender Kraft.<\/p>\n\n\n\n<p>Schon Deine Kinderbeine waren schwach &#8211; schw\u00e4cher\nals <\/p>\n\n\n\n<p>Die Deiner gleichaltrigen Cousins. Doch das wahre\nAusma\u00df<\/p>\n\n\n\n<p>zeigte erst Dein Wachstum. <\/p>\n\n\n\n<p>Jahr f\u00fcr Jahr vergr\u00f6\u00dferte sich Dein K\u00f6rper ABER <\/p>\n\n\n\n<p>die Muskeln versagten ihm den Dienst \u2013 immer\nmehr.<\/p>\n\n\n\n<p>Mit dem Fahrrad ins Klassenzimmer bis <\/p>\n\n\n\n<p>Du den Rollstuhl nicht mehr ablehnen konntest&#8230; das<\/p>\n\n\n\n<p>\u201eJa\u201c zum Leben behieltest du bei.<\/p>\n\n\n\n<p>Du warst ein Autonarr und Du fuhrst gerne; bis\ndie Schw\u00e4che <\/p>\n\n\n\n<p>die Arme erreichte und eine Kackmacht Dir auch\ndas versagte.<\/p>\n\n\n\n<p>Du hast gerne gearbeitet als technischer\nZeichner, auch wenn Du lieber<\/p>\n\n\n\n<p>Elektroniker geworden w\u00e4rest, aber der war nicht\nvorgesehen <\/p>\n\n\n\n<p>im Ausbildungsplan der Behindertenst\u00e4tte.<\/p>\n\n\n\n<p>Als die M\u00fcdigkeit gr\u00f6\u00dfer wurde, glaubtest Du, es\nl\u00e4ge am Ozonaussto\u00df<\/p>\n\n\n\n<p>der B\u00fcromaschinen. Doch hier zeigte sich die\nKackmacht barmherzig <\/p>\n\n\n\n<p>und bet\u00e4ubte die inneren Organe, bevor Du\nbettl\u00e4gerig wurdest.<\/p>\n\n\n\n<p>Du bist eingeschlafen mit 37, ehe Rumpf, Hals,\nKopf und Arme <\/p>\n\n\n\n<p>fielen. Bis zum Schluss hast du \u201eJa\u201c gesagt zum\nLeben.<\/p>\n\n\n\n<p>Bro, ich danke Dir daf\u00fcr, dass Du da warst, f\u00fcr Dein\n\u201eJa\u201c zum Leben,<\/p>\n\n\n\n<p>ehe ich es ganz begreifen konnte. <\/p>\n\n\n\n<h2 class=\"wp-block-heading\">Kopflos<\/h2>\n\n\n\n<p>Getrieben<\/p>\n\n\n\n<p>darf ich nicht sein<\/p>\n\n\n\n<p>mit Kindern an der Hand&#8230;<\/p>\n\n\n\n<p>aber dann rei\u00dft es mir den Kopf ab<\/p>\n\n\n\n<p>er fliegt<\/p>\n\n\n\n<p>mit losen Enden<\/p>\n\n\n\n<p>die hervorquellenden Sehorgane<\/p>\n\n\n\n<p>melden<\/p>\n\n\n\n<p>sie sterben mit Fliegen auf den Augen<\/p>\n\n\n\n<p>sie sterben mit Fliegen auf den Lippen<\/p>\n\n\n\n<p>sie sterben mit aufgedunsenen B\u00e4uchen<\/p>\n\n\n\n<p>sie rennen schreiend<\/p>\n\n\n\n<p>fort von dem Knall<\/p>\n\n\n\n<p>der die H\u00e4user<\/p>\n\n\n\n<p>als Rauch hinterl\u00e4sst<\/p>\n\n\n\n<p>mein Kopf fliegt zur\u00fcck &#8211;<\/p>\n\n\n\n<p>er passt noch auf den Hals<\/p>\n\n\n\n<p>und ich halte meine Kinder an der Hand&#8230;<\/p>\n\n\n\n<p>und ich halte meine Kinder auf dem Arm&#8230;<\/p>\n\n\n\n<p>aber dann rei\u00dft es mir den Kopf ab<\/p>\n\n\n\n<p>Getrieben<\/p>\n\n\n\n<p>darf ich nicht sein<\/p>\n\n\n\n<p>mit Kindern an der Hand&#8230;<\/p>\n\n\n\n<p>aber dann rei\u00dft es mir den Kopf ab<\/p>\n\n\n\n<p>er fliegt<\/p>\n\n\n\n<p>mit losen Enden<\/p>\n\n\n\n<p>die hervorquellenden Sehorgane<\/p>\n\n\n\n<p>melden<\/p>\n\n\n\n<p>sie sterben mit Fliegen auf den Augen<\/p>\n\n\n\n<p>sie sterben mit Fliegen auf den Lippen<\/p>\n\n\n\n<p>sie sterben mit aufgedunsenen B\u00e4uchen<\/p>\n\n\n\n<p>sie rennen schreiend<\/p>\n\n\n\n<p>fort von dem Knall<\/p>\n\n\n\n<p>der die H\u00e4user<\/p>\n\n\n\n<p>als Rauch hinterl\u00e4sst<\/p>\n\n\n\n<p>mein Kopf fliegt zur\u00fcck &#8211;<\/p>\n\n\n\n<p>er passt noch auf den Hals<\/p>\n\n\n\n<p>und ich halte meine Kinder an der Hand&#8230;<\/p>\n\n\n\n<p>und ich halte meine Kinder auf dem Arm&#8230;<\/p>\n\n\n\n<p>aber dann rei\u00dft es mir den Kopf ab<\/p>\n\n\n\n<h2 class=\"wp-block-heading\">Ursache &#8211; diese Worte fielen mir ein letzten Freitag Nachmittag, dann ging ich ins Kino und dann\u2026<\/h2>\n\n\n<div class=\"_1dwg\">\n<div class=\"_3x-2\">\n<div>\n<div class=\"_5r69\">\n<div class=\"clearfix mtm\">\n<div class=\"plm _42ef\">\n<div class=\"mtm _5pco\" data-ft=\"{&quot;tn&quot;:&quot;K&quot;}\">\n<div id=\"id_564c45a38ed191540522104\" class=\"text_exposed_root text_exposed\">\n<p>Wenn ich aufwache<br>l a u f e ich erst m i t<br>den Tag<span class=\"text_exposed_show\"> &#8230;<br>doch auf einmal<br>stehe ich a u \u00df e n<br>und sehe<br><\/span><\/p>\n<p><span class=\"text_exposed_show\">die vielen Tage<br>die wir alle<br>m i t g e la u f e n sind<br>in einem Glaszylinder<br>der sich dreht<br>durchsichtig<br>zum Hineinsehen:<\/span><\/p>\n<p><span class=\"text_exposed_show\"><br>gleich an der Innenwand<br>rennen<br>die Soldaten<br>in wei\u00dfen Uniformen<br>in dunklen T\u00fcchern<br>in Jeans und T-Shirt<\/span><\/p>\n<p><span class=\"text_exposed_show\"><br>und mir ist \u00fcbel<br>w e i l&nbsp; w i r<br>das routierende Glas<br>das grausige Karussell<br>n i e&nbsp; a n g e ha l t e n&nbsp; haben<br>und die Jungs<br><\/span><\/p>\n<p><span class=\"text_exposed_show\">n i e&nbsp; b e f r e i t<\/span><\/p>\n<\/div>\n<div class=\"\">&nbsp;<\/div>\n<\/div>\n<\/div>\n<\/div>\n<\/div>\n<\/div>\n<\/div>\n<\/div>\n<div>\n<form id=\"u_jsonp_9_1i\" class=\"commentable_item\" action=\"\/ajax\/ufi\/modify.php\" method=\"post\" data-ft=\"{&quot;tn&quot;:&quot;]&quot;}\">\n<div class=\"_57w _5vsi\">\n<div class=\"_37uu\">\n<div class=\"_3399 _a7s\">\n<div class=\"_524d\">\n<div class=\"_42nr\">&nbsp;<\/div>\n<\/div>\n<\/div>\n<\/div>\n<\/div>\n<\/form>\n<\/div>\n\n\n<h2 class=\"wp-block-heading\">Stardust &#8211; Expectations<\/h2>\n\n\n<p>we expect<br>holidays after<br>class trip<br>(wow)<br>in front of the<br>UNIVERSAL BLUESCREEN<br>the VICTORY silhouette<br>SELFIES SELFIES SELFIES<br>I AM HERE AND<br>HERE AND<br>HERE<br>we DON&#8217;T expect<br>AIRBUS against ROCKFACE<br>DISPERSION<br>on the MOUNTAINSIDE<br>I AM HERE AND<br>HERE AND<br>HERE<br>holidays after<br>class trip<br>(no)<\/p>\n\n\n<h2 class=\"wp-block-heading\">Sternenstaub &#8211; Erwartungen<\/h2>\n\n\n<p>wir rechnen<br \/>mit<br \/>Ferien nach Klassenfahrt<br \/>(wow)<br \/>vor dem BLUESCREEN<br \/>VICTORY als Scherenschnitt<br \/>SELFIES SELFIES SELFIES<br \/>ICH BIN HIER UND<br \/>HIER UND<br \/>HIER<br \/>wir rechnen<br \/>NICHT mit<br \/>AIRBUS gegen BERGFELS<br \/>VERSTREUNG AM HANG<br \/>ICH BIN HIER UND<br \/>HIER UND<br \/>HIER<br \/>Ferien nach Klassenfahrt<br \/>(no)<\/p>","protected":false},"excerpt":{"rendered":"<p>BRO &#8230;die Wikingerschiffe von unten gesehen und die Axt schwebend \u00fcber dem gefallenen Krieger l\u00e4sst unerwartet eine Tr\u00e4ne ins Auge springen f\u00fcr den Mann, der sich mit Rauschmitteln ein fr\u00fches Ende bereitete, mindestens so unsinnig, wie der Mensch, der in die Schlacht zog. Aber vor allem f\u00fcr Dich Bro, der jeden Tag \u201eJa\u201c zum Leben [&hellip;]<\/p>\n","protected":false},"author":1,"featured_media":0,"parent":0,"menu_order":0,"comment_status":"closed","ping_status":"closed","template":"","meta":{"footnotes":""},"class_list":["post-301","page","type-page","status-publish","hentry"],"_links":{"self":[{"href":"https:\/\/angelikahensgen.hensgen.de\/index.php?rest_route=\/wp\/v2\/pages\/301","targetHints":{"allow":["GET"]}}],"collection":[{"href":"https:\/\/angelikahensgen.hensgen.de\/index.php?rest_route=\/wp\/v2\/pages"}],"about":[{"href":"https:\/\/angelikahensgen.hensgen.de\/index.php?rest_route=\/wp\/v2\/types\/page"}],"author":[{"embeddable":true,"href":"https:\/\/angelikahensgen.hensgen.de\/index.php?rest_route=\/wp\/v2\/users\/1"}],"replies":[{"embeddable":true,"href":"https:\/\/angelikahensgen.hensgen.de\/index.php?rest_route=%2Fwp%2Fv2%2Fcomments&post=301"}],"version-history":[{"count":10,"href":"https:\/\/angelikahensgen.hensgen.de\/index.php?rest_route=\/wp\/v2\/pages\/301\/revisions"}],"predecessor-version":[{"id":381,"href":"https:\/\/angelikahensgen.hensgen.de\/index.php?rest_route=\/wp\/v2\/pages\/301\/revisions\/381"}],"wp:attachment":[{"href":"https:\/\/angelikahensgen.hensgen.de\/index.php?rest_route=%2Fwp%2Fv2%2Fmedia&parent=301"}],"curies":[{"name":"wp","href":"https:\/\/api.w.org\/{rel}","templated":true}]}}